{"id":12,"date":"2018-07-16T13:09:03","date_gmt":"2018-07-16T13:09:03","guid":{"rendered":"http:\/\/10.11.12.14\/?page_id=12"},"modified":"2019-10-02T08:05:37","modified_gmt":"2019-10-02T08:05:37","slug":"repayments","status":"publish","type":"page","link":"https:\/\/kreddyba.crmgu.ru\/ba\/repayments\/","title":{"rendered":"Otplata kredita"},"content":{"rendered":"<p>Pet dana prije datuma dospije\u0107a va\u0161eg kredita, posla\u0107emo vam SMS i e-mail kako bismo vas podsjetili da treba da vratite kredit.<\/p>\n<p>Prijavite se na svoj li\u010dni nalog da biste vidjeli status kredita i provjerili podatke o uplati.<\/p>\n<h2 style=\"font-size: 32px; color: #0f3c64; font-weight: 400;\">Kako da vratite kredit?<\/h2>\n<p>Sredstva mo\u017eete direktno uplatiti na na\u0161 ra\u010dun u Addiko Bank a.d. Banja Luka, na \u0161alterima po\u0161te, putem bilo kojeg internet ili mobilnog bankarstva. Platni nalog obavezno mora da sadr\u017ei sljede\u0107e podatke:<\/p>","protected":false},"excerpt":{"rendered":"<p>Pet dana prije datuma dospije\u0107a va\u0161eg kredita, posla\u0107emo vam SMS i e-mail kako bismo vas podsjetili da treba da vratite kredit. Prijavite se na svoj li\u010dni nalog da biste vidjeli status kredita i provjerili podatke o uplati. Kako da vratite kredit? Sredstva mo\u017eete direktno uplatiti na na\u0161 ra\u010dun u Addiko Bank a.d. Banja Luka, na [&hellip;]<\/p>\n","protected":false},"author":1,"featured_media":0,"parent":0,"menu_order":11,"comment_status":"closed","ping_status":"closed","template":"page-dashboard-repayments.php","meta":[],"acf":[],"yoast_head":"<!-- This site is optimized with the Yoast SEO plugin v20.2.1 - https:\/\/yoast.com\/wordpress\/plugins\/seo\/ -->\n<title>Otplata kredita - Kreddy<\/title>\n<meta name=\"description\" content=\"U Kreddy mo\u017eete uzeti brzi kredit do 2000 KM sa rokom otplate od 3 do 12 mjeseci! Vi birate rok i iznos, a mi vam omogu\u0107avamo novac za 15 minuta!\" \/>\n<meta name=\"robots\" content=\"index, follow, max-snippet:-1, max-image-preview:large, max-video-preview:-1\" \/>\n<link rel=\"canonical\" href=\"https:\/\/kreddyba.crmgu.ru\/repayments\/\" \/>\n<meta property=\"og:locale\" content=\"bs_BA\" \/>\n<meta property=\"og:type\" content=\"article\" \/>\n<meta property=\"og:title\" content=\"Otplata kredita - Kreddy\" \/>\n<meta property=\"og:description\" content=\"U Kreddy mo\u017eete uzeti brzi kredit do 2000 KM sa rokom otplate od 3 do 12 mjeseci! Vi birate rok i iznos, a mi vam omogu\u0107avamo novac za 15 minuta!\" \/>\n<meta property=\"og:url\" content=\"https:\/\/kreddyba.crmgu.ru\/repayments\/\" \/>\n<meta property=\"og:site_name\" content=\"Kreddy\" \/>\n<meta property=\"article:modified_time\" content=\"2019-10-02T08:05:37+00:00\" \/>\n<meta name=\"twitter:card\" content=\"summary_large_image\" \/>\n<meta name=\"twitter:label1\" content=\"Est. reading time\" \/>\n\t<meta name=\"twitter:data1\" content=\"1 minuta\" \/>\n<script type=\"application\/ld+json\" class=\"yoast-schema-graph\">{\"@context\":\"https:\/\/schema.org\",\"@graph\":[{\"@type\":\"WebPage\",\"@id\":\"https:\/\/kreddyba.crmgu.ru\/repayments\/\",\"url\":\"https:\/\/kreddyba.crmgu.ru\/repayments\/\",\"name\":\"Otplata kredita - Kreddy\",\"isPartOf\":{\"@id\":\"https:\/\/kreddyba.crmgu.ru\/#website\"},\"datePublished\":\"2018-07-16T13:09:03+00:00\",\"dateModified\":\"2019-10-02T08:05:37+00:00\",\"description\":\"U Kreddy mo\u017eete uzeti brzi kredit do 2000 KM sa rokom otplate od 3 do 12 mjeseci! Vi birate rok i iznos, a mi vam omogu\u0107avamo novac za 15 minuta!\",\"breadcrumb\":{\"@id\":\"https:\/\/kreddyba.crmgu.ru\/repayments\/#breadcrumb\"},\"inLanguage\":\"bs-BA\",\"potentialAction\":[{\"@type\":\"ReadAction\",\"target\":[\"https:\/\/kreddyba.crmgu.ru\/repayments\/\"]}]},{\"@type\":\"BreadcrumbList\",\"@id\":\"https:\/\/kreddyba.crmgu.ru\/repayments\/#breadcrumb\",\"itemListElement\":[{\"@type\":\"ListItem\",\"position\":1,\"name\":\"Home\",\"item\":\"https:\/\/kreddyba.crmgu.ru\/\"},{\"@type\":\"ListItem\",\"position\":2,\"name\":\"Otplata kredita\"}]},{\"@type\":\"WebSite\",\"@id\":\"https:\/\/kreddyba.crmgu.ru\/#website\",\"url\":\"https:\/\/kreddyba.crmgu.ru\/\",\"name\":\"Kreddy\",\"description\":\"\",\"potentialAction\":[{\"@type\":\"SearchAction\",\"target\":{\"@type\":\"EntryPoint\",\"urlTemplate\":\"https:\/\/kreddyba.crmgu.ru\/?s={search_term_string}\"},\"query-input\":\"required name=search_term_string\"}],\"inLanguage\":\"bs-BA\"}]}<\/script>\n<!-- \/ Yoast SEO plugin. -->","yoast_head_json":{"title":"Otplata kredita - Kreddy","description":"U Kreddy mo\u017eete uzeti brzi kredit do 2000 KM sa rokom otplate od 3 do 12 mjeseci! Vi birate rok i iznos, a mi vam omogu\u0107avamo novac za 15 minuta!","robots":{"index":"index","follow":"follow","max-snippet":"max-snippet:-1","max-image-preview":"max-image-preview:large","max-video-preview":"max-video-preview:-1"},"canonical":"https:\/\/kreddyba.crmgu.ru\/repayments\/","og_locale":"bs_BA","og_type":"article","og_title":"Otplata kredita - Kreddy","og_description":"U Kreddy mo\u017eete uzeti brzi kredit do 2000 KM sa rokom otplate od 3 do 12 mjeseci! Vi birate rok i iznos, a mi vam omogu\u0107avamo novac za 15 minuta!","og_url":"https:\/\/kreddyba.crmgu.ru\/repayments\/","og_site_name":"Kreddy","article_modified_time":"2019-10-02T08:05:37+00:00","twitter_card":"summary_large_image","twitter_misc":{"Est. reading time":"1 minuta"},"schema":{"@context":"https:\/\/schema.org","@graph":[{"@type":"WebPage","@id":"https:\/\/kreddyba.crmgu.ru\/repayments\/","url":"https:\/\/kreddyba.crmgu.ru\/repayments\/","name":"Otplata kredita - Kreddy","isPartOf":{"@id":"https:\/\/kreddyba.crmgu.ru\/#website"},"datePublished":"2018-07-16T13:09:03+00:00","dateModified":"2019-10-02T08:05:37+00:00","description":"U Kreddy mo\u017eete uzeti brzi kredit do 2000 KM sa rokom otplate od 3 do 12 mjeseci! Vi birate rok i iznos, a mi vam omogu\u0107avamo novac za 15 minuta!","breadcrumb":{"@id":"https:\/\/kreddyba.crmgu.ru\/repayments\/#breadcrumb"},"inLanguage":"bs-BA","potentialAction":[{"@type":"ReadAction","target":["https:\/\/kreddyba.crmgu.ru\/repayments\/"]}]},{"@type":"BreadcrumbList","@id":"https:\/\/kreddyba.crmgu.ru\/repayments\/#breadcrumb","itemListElement":[{"@type":"ListItem","position":1,"name":"Home","item":"https:\/\/kreddyba.crmgu.ru\/"},{"@type":"ListItem","position":2,"name":"Otplata kredita"}]},{"@type":"WebSite","@id":"https:\/\/kreddyba.crmgu.ru\/#website","url":"https:\/\/kreddyba.crmgu.ru\/","name":"Kreddy","description":"","potentialAction":[{"@type":"SearchAction","target":{"@type":"EntryPoint","urlTemplate":"https:\/\/kreddyba.crmgu.ru\/?s={search_term_string}"},"query-input":"required name=search_term_string"}],"inLanguage":"bs-BA"}]}},"_links":{"self":[{"href":"https:\/\/kreddyba.crmgu.ru\/ba\/wp-json\/wp\/v2\/pages\/12"}],"collection":[{"href":"https:\/\/kreddyba.crmgu.ru\/ba\/wp-json\/wp\/v2\/pages"}],"about":[{"href":"https:\/\/kreddyba.crmgu.ru\/ba\/wp-json\/wp\/v2\/types\/page"}],"author":[{"embeddable":true,"href":"https:\/\/kreddyba.crmgu.ru\/ba\/wp-json\/wp\/v2\/users\/1"}],"replies":[{"embeddable":true,"href":"https:\/\/kreddyba.crmgu.ru\/ba\/wp-json\/wp\/v2\/comments?post=12"}],"version-history":[{"count":15,"href":"https:\/\/kreddyba.crmgu.ru\/ba\/wp-json\/wp\/v2\/pages\/12\/revisions"}],"predecessor-version":[{"id":703,"href":"https:\/\/kreddyba.crmgu.ru\/ba\/wp-json\/wp\/v2\/pages\/12\/revisions\/703"}],"wp:attachment":[{"href":"https:\/\/kreddyba.crmgu.ru\/ba\/wp-json\/wp\/v2\/media?parent=12"}],"curies":[{"name":"wp","href":"https:\/\/api.w.org\/{rel}","templated":true}]}}