{"id":2,"date":"2016-05-10T03:48:21","date_gmt":"2016-05-10T03:48:21","guid":{"rendered":"http:\/\/10.11.12.14\/?page_id=2"},"modified":"2019-10-01T10:56:03","modified_gmt":"2019-10-01T10:56:03","slug":"home-page","status":"publish","type":"page","link":"https:\/\/kreddyba.crmgu.ru\/ba\/","title":{"rendered":"Po\u010detna stranica"},"content":{"rendered":"","protected":false},"excerpt":{"rendered":"","protected":false},"author":1,"featured_media":0,"parent":0,"menu_order":13,"comment_status":"closed","ping_status":"closed","template":"page-home.php","meta":[],"acf":[],"yoast_head":"<!-- This site is optimized with the Yoast SEO plugin v20.2.1 - https:\/\/yoast.com\/wordpress\/plugins\/seo\/ -->\n<title>Brzi krediti - Kreddy<\/title>\n<meta name=\"description\" content=\"Brzi krediti za sve va\u0161e potrebe! Kreddy omogu\u0107ava isplatu do 2000 KM. Aplicirajte online, bez zaloga i garancija, i novac mo\u017ee biti va\u0161 za 15 minuta!\" \/>\n<meta name=\"robots\" content=\"index, follow, max-snippet:-1, max-image-preview:large, max-video-preview:-1\" \/>\n<link rel=\"canonical\" href=\"https:\/\/kreddyba.crmgu.ru\/\" \/>\n<meta property=\"og:locale\" content=\"bs_BA\" \/>\n<meta property=\"og:type\" content=\"article\" \/>\n<meta property=\"og:title\" content=\"Brzi krediti - Kreddy\" \/>\n<meta property=\"og:description\" content=\"Brzi krediti za sve va\u0161e potrebe! Kreddy omogu\u0107ava isplatu do 2000 KM. Aplicirajte online, bez zaloga i garancija, i novac mo\u017ee biti va\u0161 za 15 minuta!\" \/>\n<meta property=\"og:url\" content=\"https:\/\/kreddyba.crmgu.ru\/\" \/>\n<meta property=\"og:site_name\" content=\"Kreddy\" \/>\n<meta property=\"article:modified_time\" content=\"2019-10-01T10:56:03+00:00\" \/>\n<meta name=\"twitter:card\" content=\"summary_large_image\" \/>\n<script type=\"application\/ld+json\" class=\"yoast-schema-graph\">{\"@context\":\"https:\/\/schema.org\",\"@graph\":[{\"@type\":\"WebPage\",\"@id\":\"https:\/\/kreddyba.crmgu.ru\/\",\"url\":\"https:\/\/kreddyba.crmgu.ru\/\",\"name\":\"Brzi krediti - Kreddy\",\"isPartOf\":{\"@id\":\"https:\/\/kreddyba.crmgu.ru\/#website\"},\"datePublished\":\"2016-05-10T03:48:21+00:00\",\"dateModified\":\"2019-10-01T10:56:03+00:00\",\"description\":\"Brzi krediti za sve va\u0161e potrebe! Kreddy omogu\u0107ava isplatu do 2000 KM. Aplicirajte online, bez zaloga i garancija, i novac mo\u017ee biti va\u0161 za 15 minuta!\",\"breadcrumb\":{\"@id\":\"https:\/\/kreddyba.crmgu.ru\/#breadcrumb\"},\"inLanguage\":\"bs-BA\",\"potentialAction\":[{\"@type\":\"ReadAction\",\"target\":[\"https:\/\/kreddyba.crmgu.ru\/\"]}]},{\"@type\":\"BreadcrumbList\",\"@id\":\"https:\/\/kreddyba.crmgu.ru\/#breadcrumb\",\"itemListElement\":[{\"@type\":\"ListItem\",\"position\":1,\"name\":\"Home\",\"item\":\"https:\/\/kreddyba.crmgu.ru\/\"},{\"@type\":\"ListItem\",\"position\":2,\"name\":\"Po\u010detna stranica\"}]},{\"@type\":\"WebSite\",\"@id\":\"https:\/\/kreddyba.crmgu.ru\/#website\",\"url\":\"https:\/\/kreddyba.crmgu.ru\/\",\"name\":\"Kreddy\",\"description\":\"\",\"potentialAction\":[{\"@type\":\"SearchAction\",\"target\":{\"@type\":\"EntryPoint\",\"urlTemplate\":\"https:\/\/kreddyba.crmgu.ru\/?s={search_term_string}\"},\"query-input\":\"required name=search_term_string\"}],\"inLanguage\":\"bs-BA\"}]}<\/script>\n<!-- \/ Yoast SEO plugin. -->","yoast_head_json":{"title":"Brzi krediti - Kreddy","description":"Brzi krediti za sve va\u0161e potrebe! Kreddy omogu\u0107ava isplatu do 2000 KM. Aplicirajte online, bez zaloga i garancija, i novac mo\u017ee biti va\u0161 za 15 minuta!","robots":{"index":"index","follow":"follow","max-snippet":"max-snippet:-1","max-image-preview":"max-image-preview:large","max-video-preview":"max-video-preview:-1"},"canonical":"https:\/\/kreddyba.crmgu.ru\/","og_locale":"bs_BA","og_type":"article","og_title":"Brzi krediti - Kreddy","og_description":"Brzi krediti za sve va\u0161e potrebe! Kreddy omogu\u0107ava isplatu do 2000 KM. Aplicirajte online, bez zaloga i garancija, i novac mo\u017ee biti va\u0161 za 15 minuta!","og_url":"https:\/\/kreddyba.crmgu.ru\/","og_site_name":"Kreddy","article_modified_time":"2019-10-01T10:56:03+00:00","twitter_card":"summary_large_image","schema":{"@context":"https:\/\/schema.org","@graph":[{"@type":"WebPage","@id":"https:\/\/kreddyba.crmgu.ru\/","url":"https:\/\/kreddyba.crmgu.ru\/","name":"Brzi krediti - Kreddy","isPartOf":{"@id":"https:\/\/kreddyba.crmgu.ru\/#website"},"datePublished":"2016-05-10T03:48:21+00:00","dateModified":"2019-10-01T10:56:03+00:00","description":"Brzi krediti za sve va\u0161e potrebe! Kreddy omogu\u0107ava isplatu do 2000 KM. Aplicirajte online, bez zaloga i garancija, i novac mo\u017ee biti va\u0161 za 15 minuta!","breadcrumb":{"@id":"https:\/\/kreddyba.crmgu.ru\/#breadcrumb"},"inLanguage":"bs-BA","potentialAction":[{"@type":"ReadAction","target":["https:\/\/kreddyba.crmgu.ru\/"]}]},{"@type":"BreadcrumbList","@id":"https:\/\/kreddyba.crmgu.ru\/#breadcrumb","itemListElement":[{"@type":"ListItem","position":1,"name":"Home","item":"https:\/\/kreddyba.crmgu.ru\/"},{"@type":"ListItem","position":2,"name":"Po\u010detna stranica"}]},{"@type":"WebSite","@id":"https:\/\/kreddyba.crmgu.ru\/#website","url":"https:\/\/kreddyba.crmgu.ru\/","name":"Kreddy","description":"","potentialAction":[{"@type":"SearchAction","target":{"@type":"EntryPoint","urlTemplate":"https:\/\/kreddyba.crmgu.ru\/?s={search_term_string}"},"query-input":"required name=search_term_string"}],"inLanguage":"bs-BA"}]}},"_links":{"self":[{"href":"https:\/\/kreddyba.crmgu.ru\/ba\/wp-json\/wp\/v2\/pages\/2"}],"collection":[{"href":"https:\/\/kreddyba.crmgu.ru\/ba\/wp-json\/wp\/v2\/pages"}],"about":[{"href":"https:\/\/kreddyba.crmgu.ru\/ba\/wp-json\/wp\/v2\/types\/page"}],"author":[{"embeddable":true,"href":"https:\/\/kreddyba.crmgu.ru\/ba\/wp-json\/wp\/v2\/users\/1"}],"replies":[{"embeddable":true,"href":"https:\/\/kreddyba.crmgu.ru\/ba\/wp-json\/wp\/v2\/comments?post=2"}],"version-history":[{"count":53,"href":"https:\/\/kreddyba.crmgu.ru\/ba\/wp-json\/wp\/v2\/pages\/2\/revisions"}],"predecessor-version":[{"id":696,"href":"https:\/\/kreddyba.crmgu.ru\/ba\/wp-json\/wp\/v2\/pages\/2\/revisions\/696"}],"wp:attachment":[{"href":"https:\/\/kreddyba.crmgu.ru\/ba\/wp-json\/wp\/v2\/media?parent=2"}],"curies":[{"name":"wp","href":"https:\/\/api.w.org\/{rel}","templated":true}]}}