{"id":33,"date":"2018-07-17T09:17:02","date_gmt":"2018-07-17T09:17:02","guid":{"rendered":"http:\/\/10.11.12.14\/?page_id=33"},"modified":"2019-10-02T07:22:28","modified_gmt":"2019-10-02T07:22:28","slug":"about","status":"publish","type":"page","link":"https:\/\/kreddyba.crmgu.ru\/ba\/about\/","title":{"rendered":"O nama"},"content":{"rendered":"<p>&#8221;Digital Finance International dio je Finstar finansijske grupe i posluje u Bosni i Hercegovini od 2016. godine, ali i na svim razvijenim tr\u017ei\u0161tima Evrope, Azije, SAD i CIS-a. Na\u0161a finansijska grupacija primjenjuje najnovija i najnaprednija tehni\u010dka rje\u0161enja na polju informati\u010dkih tehnologija, kako bi omogu\u0107ila pristup tehnolo\u0161ki najnaprednijim proizvodima iz oblasti finansiranja potro\u0161nje. Vizija na\u0161eg poslovanja je pove\u0107anje zadovoljstva krajnjih korisnika finansijskih usluga kroz pojednostavljen pristup finansijskim sredstvima, te vrhunsko zadovoljstvo uslugom. Stalna te\u017enja ka unapre\u0111enju tehnolo\u0161kih procesa nam obezbje\u0111uje visok stepen automatizacije i sigurnosti na\u0161eg procesa, od apliciranja preko odobravanja do isplate na\u0161ih kredita. Kao rezultat na\u0161eg izra\u017eenog fokusa na fleksibilnost i prilago\u0111avanja potrebama krajnjih korisnika, na\u0161i se proizvodi i usluge u sve ve\u0107oj mjeri koriste kao primarni izvor kratkoro\u010dnog zadu\u017eivanja kako u Bosni i Hercegovini, tako i u svijetu. Na tome smo zahvalni vama, desetinama hiljada na\u0161ih stalnih korisnika u Bosni i Hercegovini. Zato \u0107emo i dalje kao odgovoran zajmodavac nastaviti graditi dugoro\u010dne odnose sa na\u0161im klijentima, poma\u017eu\u0107i im u rje\u0161avanju svih vrsta finansijskih problema.<\/p>\n<p>Digital Finance International&#8221;<br \/>\n<\/p>","protected":false},"excerpt":{"rendered":"<p>&#8221;Digital Finance International dio je Finstar finansijske grupe i posluje u Bosni i Hercegovini od 2016. godine, ali i na svim razvijenim tr\u017ei\u0161tima Evrope, Azije, SAD i CIS-a. Na\u0161a finansijska grupacija primjenjuje najnovija i najnaprednija tehni\u010dka rje\u0161enja na polju informati\u010dkih tehnologija, kako bi omogu\u0107ila pristup tehnolo\u0161ki najnaprednijim proizvodima iz oblasti finansiranja potro\u0161nje. Vizija na\u0161eg poslovanja [&hellip;]<\/p>\n","protected":false},"author":1,"featured_media":0,"parent":0,"menu_order":10,"comment_status":"closed","ping_status":"closed","template":"page-about.php","meta":[],"acf":[],"yoast_head":"<!-- This site is optimized with the Yoast SEO plugin v20.2.1 - https:\/\/yoast.com\/wordpress\/plugins\/seo\/ -->\n<title>O nama - Kreddy<\/title>\n<meta name=\"description\" content=\"Od 2016. godine u BiH gradimo dugoro\u010dne odnose sa klijentima, poma\u017eu\u0107i u rje\u0161avanju svih vrsta finansijskih problema.\" \/>\n<meta name=\"robots\" content=\"index, follow, max-snippet:-1, max-image-preview:large, max-video-preview:-1\" \/>\n<link rel=\"canonical\" href=\"https:\/\/kreddyba.crmgu.ru\/about\/\" \/>\n<meta property=\"og:locale\" content=\"bs_BA\" \/>\n<meta property=\"og:type\" content=\"article\" \/>\n<meta property=\"og:title\" content=\"O nama - Kreddy\" \/>\n<meta property=\"og:description\" content=\"Od 2016. godine u BiH gradimo dugoro\u010dne odnose sa klijentima, poma\u017eu\u0107i u rje\u0161avanju svih vrsta finansijskih problema.\" \/>\n<meta property=\"og:url\" content=\"https:\/\/kreddyba.crmgu.ru\/about\/\" \/>\n<meta property=\"og:site_name\" content=\"Kreddy\" \/>\n<meta property=\"article:modified_time\" content=\"2019-10-02T07:22:28+00:00\" \/>\n<meta name=\"twitter:card\" content=\"summary_large_image\" \/>\n<meta name=\"twitter:label1\" content=\"Est. reading time\" \/>\n\t<meta name=\"twitter:data1\" content=\"1 minuta\" \/>\n<script type=\"application\/ld+json\" class=\"yoast-schema-graph\">{\"@context\":\"https:\/\/schema.org\",\"@graph\":[{\"@type\":\"WebPage\",\"@id\":\"https:\/\/kreddyba.crmgu.ru\/about\/\",\"url\":\"https:\/\/kreddyba.crmgu.ru\/about\/\",\"name\":\"O nama - Kreddy\",\"isPartOf\":{\"@id\":\"https:\/\/kreddyba.crmgu.ru\/#website\"},\"datePublished\":\"2018-07-17T09:17:02+00:00\",\"dateModified\":\"2019-10-02T07:22:28+00:00\",\"description\":\"Od 2016. godine u BiH gradimo dugoro\u010dne odnose sa klijentima, poma\u017eu\u0107i u rje\u0161avanju svih vrsta finansijskih problema.\",\"breadcrumb\":{\"@id\":\"https:\/\/kreddyba.crmgu.ru\/about\/#breadcrumb\"},\"inLanguage\":\"bs-BA\",\"potentialAction\":[{\"@type\":\"ReadAction\",\"target\":[\"https:\/\/kreddyba.crmgu.ru\/about\/\"]}]},{\"@type\":\"BreadcrumbList\",\"@id\":\"https:\/\/kreddyba.crmgu.ru\/about\/#breadcrumb\",\"itemListElement\":[{\"@type\":\"ListItem\",\"position\":1,\"name\":\"Home\",\"item\":\"https:\/\/kreddyba.crmgu.ru\/\"},{\"@type\":\"ListItem\",\"position\":2,\"name\":\"O nama\"}]},{\"@type\":\"WebSite\",\"@id\":\"https:\/\/kreddyba.crmgu.ru\/#website\",\"url\":\"https:\/\/kreddyba.crmgu.ru\/\",\"name\":\"Kreddy\",\"description\":\"\",\"potentialAction\":[{\"@type\":\"SearchAction\",\"target\":{\"@type\":\"EntryPoint\",\"urlTemplate\":\"https:\/\/kreddyba.crmgu.ru\/?s={search_term_string}\"},\"query-input\":\"required name=search_term_string\"}],\"inLanguage\":\"bs-BA\"}]}<\/script>\n<!-- \/ Yoast SEO plugin. -->","yoast_head_json":{"title":"O nama - Kreddy","description":"Od 2016. godine u BiH gradimo dugoro\u010dne odnose sa klijentima, poma\u017eu\u0107i u rje\u0161avanju svih vrsta finansijskih problema.","robots":{"index":"index","follow":"follow","max-snippet":"max-snippet:-1","max-image-preview":"max-image-preview:large","max-video-preview":"max-video-preview:-1"},"canonical":"https:\/\/kreddyba.crmgu.ru\/about\/","og_locale":"bs_BA","og_type":"article","og_title":"O nama - Kreddy","og_description":"Od 2016. godine u BiH gradimo dugoro\u010dne odnose sa klijentima, poma\u017eu\u0107i u rje\u0161avanju svih vrsta finansijskih problema.","og_url":"https:\/\/kreddyba.crmgu.ru\/about\/","og_site_name":"Kreddy","article_modified_time":"2019-10-02T07:22:28+00:00","twitter_card":"summary_large_image","twitter_misc":{"Est. reading time":"1 minuta"},"schema":{"@context":"https:\/\/schema.org","@graph":[{"@type":"WebPage","@id":"https:\/\/kreddyba.crmgu.ru\/about\/","url":"https:\/\/kreddyba.crmgu.ru\/about\/","name":"O nama - Kreddy","isPartOf":{"@id":"https:\/\/kreddyba.crmgu.ru\/#website"},"datePublished":"2018-07-17T09:17:02+00:00","dateModified":"2019-10-02T07:22:28+00:00","description":"Od 2016. godine u BiH gradimo dugoro\u010dne odnose sa klijentima, poma\u017eu\u0107i u rje\u0161avanju svih vrsta finansijskih problema.","breadcrumb":{"@id":"https:\/\/kreddyba.crmgu.ru\/about\/#breadcrumb"},"inLanguage":"bs-BA","potentialAction":[{"@type":"ReadAction","target":["https:\/\/kreddyba.crmgu.ru\/about\/"]}]},{"@type":"BreadcrumbList","@id":"https:\/\/kreddyba.crmgu.ru\/about\/#breadcrumb","itemListElement":[{"@type":"ListItem","position":1,"name":"Home","item":"https:\/\/kreddyba.crmgu.ru\/"},{"@type":"ListItem","position":2,"name":"O nama"}]},{"@type":"WebSite","@id":"https:\/\/kreddyba.crmgu.ru\/#website","url":"https:\/\/kreddyba.crmgu.ru\/","name":"Kreddy","description":"","potentialAction":[{"@type":"SearchAction","target":{"@type":"EntryPoint","urlTemplate":"https:\/\/kreddyba.crmgu.ru\/?s={search_term_string}"},"query-input":"required name=search_term_string"}],"inLanguage":"bs-BA"}]}},"_links":{"self":[{"href":"https:\/\/kreddyba.crmgu.ru\/ba\/wp-json\/wp\/v2\/pages\/33"}],"collection":[{"href":"https:\/\/kreddyba.crmgu.ru\/ba\/wp-json\/wp\/v2\/pages"}],"about":[{"href":"https:\/\/kreddyba.crmgu.ru\/ba\/wp-json\/wp\/v2\/types\/page"}],"author":[{"embeddable":true,"href":"https:\/\/kreddyba.crmgu.ru\/ba\/wp-json\/wp\/v2\/users\/1"}],"replies":[{"embeddable":true,"href":"https:\/\/kreddyba.crmgu.ru\/ba\/wp-json\/wp\/v2\/comments?post=33"}],"version-history":[{"count":20,"href":"https:\/\/kreddyba.crmgu.ru\/ba\/wp-json\/wp\/v2\/pages\/33\/revisions"}],"predecessor-version":[{"id":702,"href":"https:\/\/kreddyba.crmgu.ru\/ba\/wp-json\/wp\/v2\/pages\/33\/revisions\/702"}],"wp:attachment":[{"href":"https:\/\/kreddyba.crmgu.ru\/ba\/wp-json\/wp\/v2\/media?parent=33"}],"curies":[{"name":"wp","href":"https:\/\/api.w.org\/{rel}","templated":true}]}}