{"id":64,"date":"2018-07-18T09:42:54","date_gmt":"2018-07-18T09:42:54","guid":{"rendered":"http:\/\/10.11.12.14\/?page_id=64"},"modified":"2024-11-28T13:19:25","modified_gmt":"2024-11-28T13:19:25","slug":"partner-locations","status":"publish","type":"page","link":"https:\/\/kreddyba.crmgu.ru\/ba\/partner-locations\/","title":{"rendered":"Lokacije partnera"},"content":{"rendered":"<p>Lokacije partnera<\/p>\n<p>Kako biste podigli Va\u0161a sredstva potrebno je da odete na Vama najbli\u017eu<br \/>\nlokaciju kod na\u0161ih isplatnih partnera. Koristite mapu ispod kako biste prona\u0161li najbli\u017ee mjesto.<\/p>","protected":false},"excerpt":{"rendered":"<p>Lokacije partnera Kako biste podigli Va\u0161a sredstva potrebno je da odete na Vama najbli\u017eu lokaciju kod na\u0161ih isplatnih partnera. Koristite mapu ispod kako biste prona\u0161li najbli\u017ee mjesto.<\/p>\n","protected":false},"author":1,"featured_media":0,"parent":0,"menu_order":9,"comment_status":"closed","ping_status":"closed","template":"page-partner-location.php","meta":[],"acf":[],"yoast_head":"<!-- This site is optimized with the Yoast SEO plugin v20.2.1 - https:\/\/yoast.com\/wordpress\/plugins\/seo\/ -->\n<title>Lokacije partnera - Kreddy<\/title>\n<meta name=\"robots\" content=\"index, follow, max-snippet:-1, max-image-preview:large, max-video-preview:-1\" \/>\n<link rel=\"canonical\" href=\"https:\/\/kreddyba.crmgu.ru\/partner-locations\/\" \/>\n<meta property=\"og:locale\" content=\"bs_BA\" \/>\n<meta property=\"og:type\" content=\"article\" \/>\n<meta property=\"og:title\" content=\"Lokacije partnera - Kreddy\" \/>\n<meta property=\"og:description\" content=\"Lokacije partnera Kako biste podigli Va\u0161a sredstva potrebno je da odete na Vama najbli\u017eu lokaciju kod na\u0161ih isplatnih partnera. Koristite mapu ispod kako biste prona\u0161li najbli\u017ee mjesto.\" \/>\n<meta property=\"og:url\" content=\"https:\/\/kreddyba.crmgu.ru\/partner-locations\/\" \/>\n<meta property=\"og:site_name\" content=\"Kreddy\" \/>\n<meta property=\"article:modified_time\" content=\"2024-11-28T13:19:25+00:00\" \/>\n<meta property=\"og:image\" content=\"http:\/\/10.11.12.14\/wp-content\/uploads\/2018\/07\/logo_wu-300x49.png\" \/>\n<meta name=\"twitter:card\" content=\"summary_large_image\" \/>\n<script type=\"application\/ld+json\" class=\"yoast-schema-graph\">{\"@context\":\"https:\/\/schema.org\",\"@graph\":[{\"@type\":\"WebPage\",\"@id\":\"https:\/\/kreddyba.crmgu.ru\/partner-locations\/\",\"url\":\"https:\/\/kreddyba.crmgu.ru\/partner-locations\/\",\"name\":\"Lokacije partnera - Kreddy\",\"isPartOf\":{\"@id\":\"https:\/\/kreddyba.crmgu.ru\/#website\"},\"datePublished\":\"2018-07-18T09:42:54+00:00\",\"dateModified\":\"2024-11-28T13:19:25+00:00\",\"breadcrumb\":{\"@id\":\"https:\/\/kreddyba.crmgu.ru\/partner-locations\/#breadcrumb\"},\"inLanguage\":\"bs-BA\",\"potentialAction\":[{\"@type\":\"ReadAction\",\"target\":[\"https:\/\/kreddyba.crmgu.ru\/partner-locations\/\"]}]},{\"@type\":\"BreadcrumbList\",\"@id\":\"https:\/\/kreddyba.crmgu.ru\/partner-locations\/#breadcrumb\",\"itemListElement\":[{\"@type\":\"ListItem\",\"position\":1,\"name\":\"Home\",\"item\":\"https:\/\/kreddyba.crmgu.ru\/\"},{\"@type\":\"ListItem\",\"position\":2,\"name\":\"[:ba]Lokacije partnera[:en]Partner locations[:mk]\u041b\u043e\u043a\u0430\u0446\u0438\u0438 \u043d\u0430 \u043f\u0430\u0440\u0442\u043d\u0435\u0440\u0438[:]\"}]},{\"@type\":\"WebSite\",\"@id\":\"https:\/\/kreddyba.crmgu.ru\/#website\",\"url\":\"https:\/\/kreddyba.crmgu.ru\/\",\"name\":\"Kreddy\",\"description\":\"\",\"potentialAction\":[{\"@type\":\"SearchAction\",\"target\":{\"@type\":\"EntryPoint\",\"urlTemplate\":\"https:\/\/kreddyba.crmgu.ru\/?s={search_term_string}\"},\"query-input\":\"required name=search_term_string\"}],\"inLanguage\":\"bs-BA\"}]}<\/script>\n<!-- \/ Yoast SEO plugin. -->","yoast_head_json":{"title":"Lokacije partnera - Kreddy","robots":{"index":"index","follow":"follow","max-snippet":"max-snippet:-1","max-image-preview":"max-image-preview:large","max-video-preview":"max-video-preview:-1"},"canonical":"https:\/\/kreddyba.crmgu.ru\/partner-locations\/","og_locale":"bs_BA","og_type":"article","og_title":"Lokacije partnera - Kreddy","og_description":"Lokacije partnera Kako biste podigli Va\u0161a sredstva potrebno je da odete na Vama najbli\u017eu lokaciju kod na\u0161ih isplatnih partnera. Koristite mapu ispod kako biste prona\u0161li najbli\u017ee mjesto.","og_url":"https:\/\/kreddyba.crmgu.ru\/partner-locations\/","og_site_name":"Kreddy","article_modified_time":"2024-11-28T13:19:25+00:00","og_image":[{"url":"http:\/\/10.11.12.14\/wp-content\/uploads\/2018\/07\/logo_wu-300x49.png"}],"twitter_card":"summary_large_image","schema":{"@context":"https:\/\/schema.org","@graph":[{"@type":"WebPage","@id":"https:\/\/kreddyba.crmgu.ru\/partner-locations\/","url":"https:\/\/kreddyba.crmgu.ru\/partner-locations\/","name":"Lokacije partnera - Kreddy","isPartOf":{"@id":"https:\/\/kreddyba.crmgu.ru\/#website"},"datePublished":"2018-07-18T09:42:54+00:00","dateModified":"2024-11-28T13:19:25+00:00","breadcrumb":{"@id":"https:\/\/kreddyba.crmgu.ru\/partner-locations\/#breadcrumb"},"inLanguage":"bs-BA","potentialAction":[{"@type":"ReadAction","target":["https:\/\/kreddyba.crmgu.ru\/partner-locations\/"]}]},{"@type":"BreadcrumbList","@id":"https:\/\/kreddyba.crmgu.ru\/partner-locations\/#breadcrumb","itemListElement":[{"@type":"ListItem","position":1,"name":"Home","item":"https:\/\/kreddyba.crmgu.ru\/"},{"@type":"ListItem","position":2,"name":"[:ba]Lokacije partnera[:en]Partner locations[:mk]\u041b\u043e\u043a\u0430\u0446\u0438\u0438 \u043d\u0430 \u043f\u0430\u0440\u0442\u043d\u0435\u0440\u0438[:]"}]},{"@type":"WebSite","@id":"https:\/\/kreddyba.crmgu.ru\/#website","url":"https:\/\/kreddyba.crmgu.ru\/","name":"Kreddy","description":"","potentialAction":[{"@type":"SearchAction","target":{"@type":"EntryPoint","urlTemplate":"https:\/\/kreddyba.crmgu.ru\/?s={search_term_string}"},"query-input":"required name=search_term_string"}],"inLanguage":"bs-BA"}]}},"_links":{"self":[{"href":"https:\/\/kreddyba.crmgu.ru\/ba\/wp-json\/wp\/v2\/pages\/64"}],"collection":[{"href":"https:\/\/kreddyba.crmgu.ru\/ba\/wp-json\/wp\/v2\/pages"}],"about":[{"href":"https:\/\/kreddyba.crmgu.ru\/ba\/wp-json\/wp\/v2\/types\/page"}],"author":[{"embeddable":true,"href":"https:\/\/kreddyba.crmgu.ru\/ba\/wp-json\/wp\/v2\/users\/1"}],"replies":[{"embeddable":true,"href":"https:\/\/kreddyba.crmgu.ru\/ba\/wp-json\/wp\/v2\/comments?post=64"}],"version-history":[{"count":15,"href":"https:\/\/kreddyba.crmgu.ru\/ba\/wp-json\/wp\/v2\/pages\/64\/revisions"}],"predecessor-version":[{"id":692,"href":"https:\/\/kreddyba.crmgu.ru\/ba\/wp-json\/wp\/v2\/pages\/64\/revisions\/692"}],"wp:attachment":[{"href":"https:\/\/kreddyba.crmgu.ru\/ba\/wp-json\/wp\/v2\/media?parent=64"}],"curies":[{"name":"wp","href":"https:\/\/api.w.org\/{rel}","templated":true}]}}